{"id":7188,"date":"2024-11-09T15:39:57","date_gmt":"2024-11-09T18:39:57","guid":{"rendered":"https:\/\/sp50bier.com.br\/loja\/?post_type=product&#038;p=7188"},"modified":"2024-11-09T15:45:39","modified_gmt":"2024-11-09T18:45:39","slug":"kit-12-latas-sortidas-selecao-do-cervejeiro","status":"publish","type":"product","link":"https:\/\/sp50bier.com.br\/loja\/produto\/kit-12-latas-sortidas-selecao-do-cervejeiro\/","title":{"rendered":"Kit 12 latas Sortidas &#8211; Sele\u00e7\u00e3o do Cervejeiro."},"content":{"rendered":"<p>Kit de 12 deliciosas cervejas da SP-50 selecionadas pelo nosso Mestre Cervejeiro:<\/p>\n<p>2 Latas de PINGO DE OURO<\/p>\n<p>2 Lata de TUCHIPA<\/p>\n<p>2 Latas de MANCHINHA<\/p>\n<p>2 Latas de JACUTIPA<\/p>\n<p>1 Lata de TATUBOCK<\/p>\n<p>1 Lata de SAMPAIO<\/p>\n<p>1 Lata de MANTIQUEIRA<\/p>\n<p>1 Lata de MURITRI<\/p>\n<p>&nbsp;<\/p>\n","protected":false},"excerpt":{"rendered":"<p><strong>Pingo de Ouro<\/strong>: <em>Cerveja refrescante, de baixo amargor, baixo teor alco\u00f3lico com suaves notas de malte, caracteriza-se pela cremosidade no paladar e na espuma. Estilo suave, saboroso e \u201cpara cortar a grama\u201d, o que remete ao nosso PINGO DE OURO, esp\u00e9cie anf\u00edbia identificada nas matas de Sfx pela inspiradora equipe do Projeto Dacnis, ONG presente no Distrito e que tem como um de seus pilares, observar a fauna em geral para estimular turismo ecologicamente correto.<\/em><\/p>\n<p><strong>Tuchipa<\/strong>: <em>Estilo de cerveja artesanal mais consumida no Brasil, nossa IPA \u00e9 uma cerveja mais arom\u00e1tica do que amarga, com toque c\u00edtrico que remete \u00e0 frutas amarelas (maracuj\u00e1, manga, etc) devido ao l\u00fapulo utilizado em sua fabrica\u00e7\u00e3o. Uma \u201csingle Hop\u201d suave e \u00f3tima companhia para momentos relaxantes a qualquer hora do dia.<\/em><\/p>\n<p><strong>Manchinha<\/strong>: <em>Cerveja da fam\u00edlia LAGER, de baixa fermenta\u00e7\u00e3o. Leve, clara e com baixa turbidez, trata-se do cl\u00e1ssico e mais consumido estilo de cerveja no mundo, por\u00e9m com um pouco mais de amargor conforme as escolas Tchecas e da Bohemia. O nome desta cerveja remete a um cachorrinho morto cruelmente e que sensibilizou cervejeiros de todo o Brasil, que nomearam cervejas cujo pretexto remete \u00e0 preserva\u00e7\u00e3o ambiental e sustentabilidade, bandeiras da SP-50-BIER.<\/em><\/p>\n<p><strong>Jacutipa<\/strong>: <em>Cerveja escura, persistente, com leve aroma de caf\u00e9 oriundo do malte torrado e m\u00e9dia amargor, por\u00e9m alta drinkability. Seu nome remente \u00e0 JACUTINGA, ave rara quase em extin\u00e7\u00e3o e presente na Serra da Mantiqueira onde uma ONG realiza um fant\u00e1stico trabalho de preserva\u00e7\u00e3o e reintrodu\u00e7\u00e3o dessa esp\u00e9cie. Parte das receitas dessa cerveja \u00e9 doada para os Projetos de Preserva\u00e7\u00e3o da Jacutinga.<\/em><\/p>\n<p><strong>Tatubock<\/strong>: <em>Estilo t\u00edpico alem\u00e3o, com alta concentra\u00e7\u00e3o de malte de trigo. Cerveja turva, encorpada e levemente frutada, com aromas de cravo e banana. <\/em><em>Ela chega rasteira, devagar e vai conquistando espa\u00e7o, assim como o Tatu, nosso homenageado da vez e muito presente nas terras de SFX. A fam\u00edlia Tatubock recomenda o consumo moderado dessa maravilha e cuidado com nossa passagem pela estrada do Distrito!<\/em><\/p>\n<p><strong>Sampaio<\/strong>: <em>Cerveja ALE da escola Inglesa, de alta fermenta\u00e7\u00e3o, cor \u00e2mbar propiciada pelo malte caramelizado e pela adi\u00e7\u00e3o de Rapadura de produtor da Serra da Mantiqueira. Cerveja encorpada, com m\u00e9dio teor alco\u00f3lico e m\u00e9dio amargor. A SP-50-BIER desceu a serra do mar e foi at\u00e9 a terra dos familiares do nosso cervejeiro para buscar a inspira\u00e7\u00e3o para essa ESB. Seu av\u00f4 materno foi o s\u00f3cio n\u00famero 1 de um dos maiores times da hist\u00f3ria do futebol. O fanatismo do Sr Sampaio foi eternizado em uma marcante homenagem de seu time de cora\u00e7\u00e3o com uma placa instalada em \u00e1rea nobre da Vila mais famosa do mundo. A SAMPAIO traz um aroma especial proveniente de rapadura produzida na Serra da Mantiqueira deixando uma mem\u00f3ria incr\u00edvel na boca, semelhante \u00e0quela deixada na mente e no cora\u00e7\u00e3o pelo m\u00e1gico time do Sr Sampaio;<\/em><\/p>\n<p><strong>Mantiqueira<\/strong>: <em>Homenagem \u00e0 Serra mais charmosa do Brasil, a MANTIQUEIRA traz em sua composi\u00e7\u00e3o a presen\u00e7a do lim\u00e3o cravo muito comum na regi\u00e3o, cuja acidez, acompanhada da semente de coentro mo\u00edda, transfere leveza, refresc\u00e2ncia e suavidade t\u00edpicas de uma WITBIER. Estilo belga, com malte de trigo e de cevada, levemente turva, \u00e9 \u00f3tima op\u00e7\u00e3o para dias quentes t\u00edpicos da Serra.<\/em><\/p>\n<p><strong>Muritri<\/strong>: <em>Estilo originado nos mosteiros Belgas, cerveja clara, traz sabor final levemente adocicado, com alto teor alco\u00f3lico, baixo amargor, \u00f3timo para aquecer os dias frios da Serra. Forte, persistente e marcante, remete ao maior primata da Am\u00e9rica Latina, presente na Serra da Mantiqueira e s\u00edmbolo de Sfx: o Muriqui. Nossa Trippel homenageia esse macaco quase extinto que conquistou a regi\u00e3o e seus visitantes e faz dessa Serra seu local de renascimento e reintrodu\u00e7\u00e3o na natureza, onde atua na manuten\u00e7\u00e3o da diversidade biol\u00f3gica ao espalhar semente de plantas pela floresta.<\/em><\/p>\n","protected":false},"featured_media":7187,"comment_status":"open","ping_status":"closed","template":"","meta":{"inline_featured_image":false},"product_cat":[144,148],"product_tag":[],"_links":{"self":[{"href":"https:\/\/sp50bier.com.br\/loja\/wp-json\/wp\/v2\/product\/7188"}],"collection":[{"href":"https:\/\/sp50bier.com.br\/loja\/wp-json\/wp\/v2\/product"}],"about":[{"href":"https:\/\/sp50bier.com.br\/loja\/wp-json\/wp\/v2\/types\/product"}],"replies":[{"embeddable":true,"href":"https:\/\/sp50bier.com.br\/loja\/wp-json\/wp\/v2\/comments?post=7188"}],"version-history":[{"count":2,"href":"https:\/\/sp50bier.com.br\/loja\/wp-json\/wp\/v2\/product\/7188\/revisions"}],"predecessor-version":[{"id":7190,"href":"https:\/\/sp50bier.com.br\/loja\/wp-json\/wp\/v2\/product\/7188\/revisions\/7190"}],"wp:featuredmedia":[{"embeddable":true,"href":"https:\/\/sp50bier.com.br\/loja\/wp-json\/wp\/v2\/media\/7187"}],"wp:attachment":[{"href":"https:\/\/sp50bier.com.br\/loja\/wp-json\/wp\/v2\/media?parent=7188"}],"wp:term":[{"taxonomy":"product_cat","embeddable":true,"href":"https:\/\/sp50bier.com.br\/loja\/wp-json\/wp\/v2\/product_cat?post=7188"},{"taxonomy":"product_tag","embeddable":true,"href":"https:\/\/sp50bier.com.br\/loja\/wp-json\/wp\/v2\/product_tag?post=7188"}],"curies":[{"name":"wp","href":"https:\/\/api.w.org\/{rel}","templated":true}]}}