{"id":6874,"date":"2023-05-08T16:08:24","date_gmt":"2023-05-08T19:08:24","guid":{"rendered":"https:\/\/sp50bier.com.br\/loja\/produto\/tabua-de-petiscos\/"},"modified":"2024-06-24T13:23:08","modified_gmt":"2024-06-24T16:23:08","slug":"tabua-de-petiscos","status":"publish","type":"product","link":"https:\/\/sp50bier.com.br\/loja\/produto\/tabua-de-petiscos\/","title":{"rendered":"T\u00c1BUA DE PETISCOS"},"content":{"rendered":"<p>T\u00e1bua de madeira com cera de abelha para uso com petiscos que acompanhar\u00e3o suas cervejas. Produzido por artes\u00e3o local.<\/p>\n","protected":false},"excerpt":{"rendered":"<p>T\u00e1bua de madeira para petiscos<\/p>\n","protected":false},"featured_media":6882,"comment_status":"open","ping_status":"closed","template":"","meta":{"inline_featured_image":false},"product_cat":[147],"product_tag":[],"_links":{"self":[{"href":"https:\/\/sp50bier.com.br\/loja\/wp-json\/wp\/v2\/product\/6874"}],"collection":[{"href":"https:\/\/sp50bier.com.br\/loja\/wp-json\/wp\/v2\/product"}],"about":[{"href":"https:\/\/sp50bier.com.br\/loja\/wp-json\/wp\/v2\/types\/product"}],"replies":[{"embeddable":true,"href":"https:\/\/sp50bier.com.br\/loja\/wp-json\/wp\/v2\/comments?post=6874"}],"version-history":[{"count":1,"href":"https:\/\/sp50bier.com.br\/loja\/wp-json\/wp\/v2\/product\/6874\/revisions"}],"predecessor-version":[{"id":6883,"href":"https:\/\/sp50bier.com.br\/loja\/wp-json\/wp\/v2\/product\/6874\/revisions\/6883"}],"wp:featuredmedia":[{"embeddable":true,"href":"https:\/\/sp50bier.com.br\/loja\/wp-json\/wp\/v2\/media\/6882"}],"wp:attachment":[{"href":"https:\/\/sp50bier.com.br\/loja\/wp-json\/wp\/v2\/media?parent=6874"}],"wp:term":[{"taxonomy":"product_cat","embeddable":true,"href":"https:\/\/sp50bier.com.br\/loja\/wp-json\/wp\/v2\/product_cat?post=6874"},{"taxonomy":"product_tag","embeddable":true,"href":"https:\/\/sp50bier.com.br\/loja\/wp-json\/wp\/v2\/product_tag?post=6874"}],"curies":[{"name":"wp","href":"https:\/\/api.w.org\/{rel}","templated":true}]}}