{"id":6869,"date":"2023-05-08T16:08:24","date_gmt":"2023-05-08T19:08:24","guid":{"rendered":"https:\/\/sp50bier.com.br\/loja\/produto\/bone\/"},"modified":"2024-06-24T13:21:13","modified_gmt":"2024-06-24T16:21:13","slug":"bone","status":"publish","type":"product","link":"https:\/\/sp50bier.com.br\/loja\/produto\/bone\/","title":{"rendered":"BON\u00c9 SP-50-BIER"},"content":{"rendered":"<p>Bon\u00e9 estiloso com a logo da Cervejaria para voce levar a SP-50-BIER na cabe\u00e7a.<\/p>\n","protected":false},"excerpt":{"rendered":"<p>Bon\u00e9<\/p>\n","protected":false},"featured_media":6897,"comment_status":"open","ping_status":"closed","template":"","meta":{"inline_featured_image":false},"product_cat":[146],"product_tag":[],"_links":{"self":[{"href":"https:\/\/sp50bier.com.br\/loja\/wp-json\/wp\/v2\/product\/6869"}],"collection":[{"href":"https:\/\/sp50bier.com.br\/loja\/wp-json\/wp\/v2\/product"}],"about":[{"href":"https:\/\/sp50bier.com.br\/loja\/wp-json\/wp\/v2\/types\/product"}],"replies":[{"embeddable":true,"href":"https:\/\/sp50bier.com.br\/loja\/wp-json\/wp\/v2\/comments?post=6869"}],"version-history":[{"count":2,"href":"https:\/\/sp50bier.com.br\/loja\/wp-json\/wp\/v2\/product\/6869\/revisions"}],"predecessor-version":[{"id":7169,"href":"https:\/\/sp50bier.com.br\/loja\/wp-json\/wp\/v2\/product\/6869\/revisions\/7169"}],"wp:featuredmedia":[{"embeddable":true,"href":"https:\/\/sp50bier.com.br\/loja\/wp-json\/wp\/v2\/media\/6897"}],"wp:attachment":[{"href":"https:\/\/sp50bier.com.br\/loja\/wp-json\/wp\/v2\/media?parent=6869"}],"wp:term":[{"taxonomy":"product_cat","embeddable":true,"href":"https:\/\/sp50bier.com.br\/loja\/wp-json\/wp\/v2\/product_cat?post=6869"},{"taxonomy":"product_tag","embeddable":true,"href":"https:\/\/sp50bier.com.br\/loja\/wp-json\/wp\/v2\/product_tag?post=6869"}],"curies":[{"name":"wp","href":"https:\/\/api.w.org\/{rel}","templated":true}]}}