{"id":6861,"date":"2023-05-08T16:08:23","date_gmt":"2023-05-08T19:08:23","guid":{"rendered":"https:\/\/sp50bier.com.br\/loja\/produto\/1-taca-degustacao-150ml\/"},"modified":"2024-06-24T13:25:50","modified_gmt":"2024-06-24T16:25:50","slug":"1-taca-degustacao-150ml","status":"publish","type":"product","link":"https:\/\/sp50bier.com.br\/loja\/produto\/1-taca-degustacao-150ml\/","title":{"rendered":"1 TA\u00c7A DEGUSTA\u00c7\u00c3O 150ML"},"content":{"rendered":"<p>Delicada ta\u00e7a de cristal comprida ideal para degusta\u00e7\u00f5es especiais, com logo da cervejaria e 150ML<\/p>\n","protected":false},"excerpt":{"rendered":"<p>Ta\u00e7a de cristal alem\u00e3o de 150ML<\/p>\n","protected":false},"featured_media":6919,"comment_status":"open","ping_status":"closed","template":"","meta":{"inline_featured_image":false},"product_cat":[145],"product_tag":[],"_links":{"self":[{"href":"https:\/\/sp50bier.com.br\/loja\/wp-json\/wp\/v2\/product\/6861"}],"collection":[{"href":"https:\/\/sp50bier.com.br\/loja\/wp-json\/wp\/v2\/product"}],"about":[{"href":"https:\/\/sp50bier.com.br\/loja\/wp-json\/wp\/v2\/types\/product"}],"replies":[{"embeddable":true,"href":"https:\/\/sp50bier.com.br\/loja\/wp-json\/wp\/v2\/comments?post=6861"}],"version-history":[{"count":1,"href":"https:\/\/sp50bier.com.br\/loja\/wp-json\/wp\/v2\/product\/6861\/revisions"}],"predecessor-version":[{"id":6920,"href":"https:\/\/sp50bier.com.br\/loja\/wp-json\/wp\/v2\/product\/6861\/revisions\/6920"}],"wp:featuredmedia":[{"embeddable":true,"href":"https:\/\/sp50bier.com.br\/loja\/wp-json\/wp\/v2\/media\/6919"}],"wp:attachment":[{"href":"https:\/\/sp50bier.com.br\/loja\/wp-json\/wp\/v2\/media?parent=6861"}],"wp:term":[{"taxonomy":"product_cat","embeddable":true,"href":"https:\/\/sp50bier.com.br\/loja\/wp-json\/wp\/v2\/product_cat?post=6861"},{"taxonomy":"product_tag","embeddable":true,"href":"https:\/\/sp50bier.com.br\/loja\/wp-json\/wp\/v2\/product_tag?post=6861"}],"curies":[{"name":"wp","href":"https:\/\/api.w.org\/{rel}","templated":true}]}}