{"id":6858,"date":"2023-05-08T16:08:23","date_gmt":"2023-05-08T19:08:23","guid":{"rendered":"https:\/\/sp50bier.com.br\/loja\/produto\/1-caneca-de-475-ml\/"},"modified":"2024-06-24T13:25:17","modified_gmt":"2024-06-24T16:25:17","slug":"1-caneca-de-475-ml","status":"publish","type":"product","link":"https:\/\/sp50bier.com.br\/loja\/produto\/1-caneca-de-475-ml\/","title":{"rendered":"1 CANECA DE 475 ML"},"content":{"rendered":"<p>Caneca de vidro estilo alem\u00e3o com logo da cervejaria e men\u00e7\u00e3o aos festivais de cerveja da SP-50-BIER.<\/p>\n","protected":false},"excerpt":{"rendered":"<p>Caneca de vidro 475ML<\/p>\n","protected":false},"featured_media":6925,"comment_status":"open","ping_status":"closed","template":"","meta":{"inline_featured_image":false},"product_cat":[145],"product_tag":[],"_links":{"self":[{"href":"https:\/\/sp50bier.com.br\/loja\/wp-json\/wp\/v2\/product\/6858"}],"collection":[{"href":"https:\/\/sp50bier.com.br\/loja\/wp-json\/wp\/v2\/product"}],"about":[{"href":"https:\/\/sp50bier.com.br\/loja\/wp-json\/wp\/v2\/types\/product"}],"replies":[{"embeddable":true,"href":"https:\/\/sp50bier.com.br\/loja\/wp-json\/wp\/v2\/comments?post=6858"}],"version-history":[{"count":1,"href":"https:\/\/sp50bier.com.br\/loja\/wp-json\/wp\/v2\/product\/6858\/revisions"}],"predecessor-version":[{"id":6926,"href":"https:\/\/sp50bier.com.br\/loja\/wp-json\/wp\/v2\/product\/6858\/revisions\/6926"}],"wp:featuredmedia":[{"embeddable":true,"href":"https:\/\/sp50bier.com.br\/loja\/wp-json\/wp\/v2\/media\/6925"}],"wp:attachment":[{"href":"https:\/\/sp50bier.com.br\/loja\/wp-json\/wp\/v2\/media?parent=6858"}],"wp:term":[{"taxonomy":"product_cat","embeddable":true,"href":"https:\/\/sp50bier.com.br\/loja\/wp-json\/wp\/v2\/product_cat?post=6858"},{"taxonomy":"product_tag","embeddable":true,"href":"https:\/\/sp50bier.com.br\/loja\/wp-json\/wp\/v2\/product_tag?post=6858"}],"curies":[{"name":"wp","href":"https:\/\/api.w.org\/{rel}","templated":true}]}}