{"id":6836,"date":"2023-05-08T11:56:25","date_gmt":"2023-05-08T14:56:25","guid":{"rendered":"https:\/\/sp50bier.com.br\/loja\/produto\/sampaio-esb\/"},"modified":"2024-06-24T13:31:21","modified_gmt":"2024-06-24T16:31:21","slug":"sampaio-esb","status":"publish","type":"product","link":"https:\/\/sp50bier.com.br\/loja\/produto\/sampaio-esb\/","title":{"rendered":"SAMPAIO &#8211; ESB"},"content":{"rendered":"<p>Amargor &#8211; 33 IBU (<em>m\u00e9dio amargor<\/em>)<br \/>\nCor &#8211; \u00c2MBAR (35 EBC)<br \/>\nTeor Alco\u00f3lico &#8211; 5,15% ABV<\/p>\n<p><em>Cerveja ALE da escola Inglesa, de alta fermenta\u00e7\u00e3o, cor \u00e2mbar propiciada pelo malte caramelizado e pela adi\u00e7\u00e3o de Rapadura de produtor da Serra da Mantiqueira, <\/em>o que traz secura, leve dul\u00e7or e corpo arredondado<em>. Cerveja encorpada, com m\u00e9dio teor alco\u00f3lico e m\u00e9dio amargor.<\/em><\/p>\n<p><em>A SP-50-BIER desceu a serra do mar e foi at\u00e9 a terra dos familiares do nosso cervejeiro para buscar a inspira\u00e7\u00e3o para essa ESB. Seu av\u00f4 materno foi o s\u00f3cio n\u00famero 1 de um dos maiores times da hist\u00f3ria do futebol. O fanatismo do Sr Sampaio foi eternizado em uma marcante homenagem de seu time de cora\u00e7\u00e3o com uma placa instalada em \u00e1rea nobre da Vila mais famosa do mundo. A SAMPAIO traz um aroma especial proveniente de rapadura produzida na Serra da Mantiqueira deixando uma mem\u00f3ria incr\u00edvel na boca, semelhante \u00e0quela deixada na mente e no cora\u00e7\u00e3o pelo m\u00e1gico time do Sr Sampaio<\/em><\/p>\n","protected":false},"excerpt":{"rendered":"<p>Lata 473 ML ESB<\/p>\n","protected":false},"featured_media":7023,"comment_status":"open","ping_status":"closed","template":"","meta":{"inline_featured_image":false},"product_cat":[144],"product_tag":[],"_links":{"self":[{"href":"https:\/\/sp50bier.com.br\/loja\/wp-json\/wp\/v2\/product\/6836"}],"collection":[{"href":"https:\/\/sp50bier.com.br\/loja\/wp-json\/wp\/v2\/product"}],"about":[{"href":"https:\/\/sp50bier.com.br\/loja\/wp-json\/wp\/v2\/types\/product"}],"replies":[{"embeddable":true,"href":"https:\/\/sp50bier.com.br\/loja\/wp-json\/wp\/v2\/comments?post=6836"}],"version-history":[{"count":4,"href":"https:\/\/sp50bier.com.br\/loja\/wp-json\/wp\/v2\/product\/6836\/revisions"}],"predecessor-version":[{"id":7126,"href":"https:\/\/sp50bier.com.br\/loja\/wp-json\/wp\/v2\/product\/6836\/revisions\/7126"}],"wp:featuredmedia":[{"embeddable":true,"href":"https:\/\/sp50bier.com.br\/loja\/wp-json\/wp\/v2\/media\/7023"}],"wp:attachment":[{"href":"https:\/\/sp50bier.com.br\/loja\/wp-json\/wp\/v2\/media?parent=6836"}],"wp:term":[{"taxonomy":"product_cat","embeddable":true,"href":"https:\/\/sp50bier.com.br\/loja\/wp-json\/wp\/v2\/product_cat?post=6836"},{"taxonomy":"product_tag","embeddable":true,"href":"https:\/\/sp50bier.com.br\/loja\/wp-json\/wp\/v2\/product_tag?post=6836"}],"curies":[{"name":"wp","href":"https:\/\/api.w.org\/{rel}","templated":true}]}}