{"id":6835,"date":"2023-05-08T11:56:25","date_gmt":"2023-05-08T14:56:25","guid":{"rendered":"https:\/\/sp50bier.com.br\/loja\/produto\/manchinha-bohemian-pilsner\/"},"modified":"2024-06-24T13:29:50","modified_gmt":"2024-06-24T16:29:50","slug":"manchinha-bohemian-pilsner","status":"publish","type":"product","link":"https:\/\/sp50bier.com.br\/loja\/produto\/manchinha-bohemian-pilsner\/","title":{"rendered":"MANCHINHA &#8211; BOHEMIAN PILSNER"},"content":{"rendered":"<p>Amargor &#8211; 35 IBU (<em>m\u00e9dio amargor<\/em>)<br \/>\nCor &#8211; Clara (18 EBC)<br \/>\nTeor Alco\u00f3lico &#8211; 4,9% ABV<\/p>\n<p><em>Cerveja da fam\u00edlia LAGER, de baixa fermenta\u00e7\u00e3o. Leve, clara e com baixa turbidez, trata-se do cl\u00e1ssico e mais consumido estilo de cerveja no mundo, por\u00e9m com um pouco mais de amargor conforme as escolas Thecas e da Bohemia. <\/em><\/p>\n<p><em>O nome desta cerveja remete a um cachorrinho morto cruelmente e que sensibilizou cervejeiros de todo o Brasil, que nomearam cervejas cujo pretexto remete \u00e0 preserva\u00e7\u00e3o ambiental e sustentabilidade, bandeiras da SP-50-BIER. Parte da receita com as vendas dessa cerveja s\u00e3o doados para aux\u00edlio aos cuidados com c\u00e3es abandonados em nosso Distrito.<\/em><\/p>\n","protected":false},"excerpt":{"rendered":"<p>Lata 473 ML PILSNER<\/p>\n","protected":false},"featured_media":7014,"comment_status":"open","ping_status":"closed","template":"","meta":{"inline_featured_image":false},"product_cat":[144],"product_tag":[],"_links":{"self":[{"href":"https:\/\/sp50bier.com.br\/loja\/wp-json\/wp\/v2\/product\/6835"}],"collection":[{"href":"https:\/\/sp50bier.com.br\/loja\/wp-json\/wp\/v2\/product"}],"about":[{"href":"https:\/\/sp50bier.com.br\/loja\/wp-json\/wp\/v2\/types\/product"}],"replies":[{"embeddable":true,"href":"https:\/\/sp50bier.com.br\/loja\/wp-json\/wp\/v2\/comments?post=6835"}],"version-history":[{"count":4,"href":"https:\/\/sp50bier.com.br\/loja\/wp-json\/wp\/v2\/product\/6835\/revisions"}],"predecessor-version":[{"id":7125,"href":"https:\/\/sp50bier.com.br\/loja\/wp-json\/wp\/v2\/product\/6835\/revisions\/7125"}],"wp:featuredmedia":[{"embeddable":true,"href":"https:\/\/sp50bier.com.br\/loja\/wp-json\/wp\/v2\/media\/7014"}],"wp:attachment":[{"href":"https:\/\/sp50bier.com.br\/loja\/wp-json\/wp\/v2\/media?parent=6835"}],"wp:term":[{"taxonomy":"product_cat","embeddable":true,"href":"https:\/\/sp50bier.com.br\/loja\/wp-json\/wp\/v2\/product_cat?post=6835"},{"taxonomy":"product_tag","embeddable":true,"href":"https:\/\/sp50bier.com.br\/loja\/wp-json\/wp\/v2\/product_tag?post=6835"}],"curies":[{"name":"wp","href":"https:\/\/api.w.org\/{rel}","templated":true}]}}