{"id":6834,"date":"2023-05-08T11:56:24","date_gmt":"2023-05-08T14:56:24","guid":{"rendered":"https:\/\/sp50bier.com.br\/loja\/produto\/rauch-heller-rauchbier\/"},"modified":"2025-06-29T19:54:07","modified_gmt":"2025-06-29T22:54:07","slug":"rauch-heller-rauchbier","status":"publish","type":"product","link":"https:\/\/sp50bier.com.br\/loja\/produto\/rauch-heller-rauchbier\/","title":{"rendered":"RAUCH HELLER &#8211; RAUCHBIER"},"content":{"rendered":"<p>Amargor &#8211; 19 IBU (<em>M\u00e9dio Amargor<\/em>)<br \/>\nCor &#8211; Escura (74 EBC)<br \/>\nTeor Alco\u00f3lico &#8211; 5,8% ABV<\/p>\n<p><em>Cerveja da fam\u00edlia LAGER, de baixa fermenta\u00e7\u00e3o, elegante, maltada, com um car\u00e1ter defumado de madeira. Aroma e sabor de malte ricamente tostado, mas com amargor restrito. Sabor de defumado de baixo a alto, e um perfil de fermenta\u00e7\u00e3o limpo com um final atenuado s\u00e3o caracter\u00edsticos. No aroma mescla de esfuma\u00e7ado e de malte, com um balan\u00e7o e intensidade vari\u00e1vel. O car\u00e1ter de esfuma\u00e7ado de madeira pode variar de sutil para bastante forte e pode parecer defumado, lenhoso ou, acredite, bacon. No sabor geralmente segue o perfil de aroma, com uma mescla de esfuma\u00e7ado e de malte em v\u00e1rios balan\u00e7os e intensidades, mas sempre complementar.<\/em><\/p>\n","protected":false},"excerpt":{"rendered":"<p>Lata 475ML RAUCHBIER<\/p>\n","protected":false},"featured_media":7019,"comment_status":"open","ping_status":"closed","template":"","meta":{"inline_featured_image":false},"product_cat":[144],"product_tag":[],"_links":{"self":[{"href":"https:\/\/sp50bier.com.br\/loja\/wp-json\/wp\/v2\/product\/6834"}],"collection":[{"href":"https:\/\/sp50bier.com.br\/loja\/wp-json\/wp\/v2\/product"}],"about":[{"href":"https:\/\/sp50bier.com.br\/loja\/wp-json\/wp\/v2\/types\/product"}],"replies":[{"embeddable":true,"href":"https:\/\/sp50bier.com.br\/loja\/wp-json\/wp\/v2\/comments?post=6834"}],"version-history":[{"count":3,"href":"https:\/\/sp50bier.com.br\/loja\/wp-json\/wp\/v2\/product\/6834\/revisions"}],"predecessor-version":[{"id":7065,"href":"https:\/\/sp50bier.com.br\/loja\/wp-json\/wp\/v2\/product\/6834\/revisions\/7065"}],"wp:featuredmedia":[{"embeddable":true,"href":"https:\/\/sp50bier.com.br\/loja\/wp-json\/wp\/v2\/media\/7019"}],"wp:attachment":[{"href":"https:\/\/sp50bier.com.br\/loja\/wp-json\/wp\/v2\/media?parent=6834"}],"wp:term":[{"taxonomy":"product_cat","embeddable":true,"href":"https:\/\/sp50bier.com.br\/loja\/wp-json\/wp\/v2\/product_cat?post=6834"},{"taxonomy":"product_tag","embeddable":true,"href":"https:\/\/sp50bier.com.br\/loja\/wp-json\/wp\/v2\/product_tag?post=6834"}],"curies":[{"name":"wp","href":"https:\/\/api.w.org\/{rel}","templated":true}]}}