{"id":6833,"date":"2023-05-08T11:56:24","date_gmt":"2023-05-08T14:56:24","guid":{"rendered":"https:\/\/sp50bier.com.br\/loja\/produto\/muritri-belgian-trippel\/"},"modified":"2025-07-13T00:51:25","modified_gmt":"2025-07-13T03:51:25","slug":"muritri-belgian-trippel","status":"publish","type":"product","link":"https:\/\/sp50bier.com.br\/loja\/produto\/muritri-belgian-trippel\/","title":{"rendered":"MURITRI &#8211; BELGIAN TRIPPEL"},"content":{"rendered":"<p>Amargor &#8211; 26 IBU (<em>M\u00e9dio Amargor)<\/em><br \/>\nCor &#8211; Clara (16 EBC)<br \/>\nTeor Alco\u00f3lico &#8211; 9,1% ABV<\/p>\n<p><em>Estilo originado nos mosteiros Belgas, cerveja clara, traz sabor final levemente adocicado, com alto teor alco\u00f3lico, baixo amargor, \u00f3timo para aquecer os dias frios da Serra. <\/em><\/p>\n<p><em>Forte, persistente e marcante, remete ao maior primata da Am\u00e9rica Latina, presente na Serra da Mantiqueira e s\u00edmbolo de Sfx: o Muriqui. Nossa Trippel homenageia esse macaco quase extinto que conquistou a regi\u00e3o e seus visitantes e faz dessa Serra seu local de renascimento e reintrodu\u00e7\u00e3o na natureza, onde atua na manuten\u00e7\u00e3o da diversidade biol\u00f3gica ao espalhar semente de plantas pela floresta.<\/em><\/p>\n","protected":false},"excerpt":{"rendered":"<p>Lata 475ML TRIPPEL<\/p>\n","protected":false},"featured_media":7016,"comment_status":"open","ping_status":"closed","template":"","meta":{"inline_featured_image":false},"product_cat":[144],"product_tag":[],"_links":{"self":[{"href":"https:\/\/sp50bier.com.br\/loja\/wp-json\/wp\/v2\/product\/6833"}],"collection":[{"href":"https:\/\/sp50bier.com.br\/loja\/wp-json\/wp\/v2\/product"}],"about":[{"href":"https:\/\/sp50bier.com.br\/loja\/wp-json\/wp\/v2\/types\/product"}],"replies":[{"embeddable":true,"href":"https:\/\/sp50bier.com.br\/loja\/wp-json\/wp\/v2\/comments?post=6833"}],"version-history":[{"count":3,"href":"https:\/\/sp50bier.com.br\/loja\/wp-json\/wp\/v2\/product\/6833\/revisions"}],"predecessor-version":[{"id":7063,"href":"https:\/\/sp50bier.com.br\/loja\/wp-json\/wp\/v2\/product\/6833\/revisions\/7063"}],"wp:featuredmedia":[{"embeddable":true,"href":"https:\/\/sp50bier.com.br\/loja\/wp-json\/wp\/v2\/media\/7016"}],"wp:attachment":[{"href":"https:\/\/sp50bier.com.br\/loja\/wp-json\/wp\/v2\/media?parent=6833"}],"wp:term":[{"taxonomy":"product_cat","embeddable":true,"href":"https:\/\/sp50bier.com.br\/loja\/wp-json\/wp\/v2\/product_cat?post=6833"},{"taxonomy":"product_tag","embeddable":true,"href":"https:\/\/sp50bier.com.br\/loja\/wp-json\/wp\/v2\/product_tag?post=6833"}],"curies":[{"name":"wp","href":"https:\/\/api.w.org\/{rel}","templated":true}]}}