{"id":6832,"date":"2023-05-08T11:56:24","date_gmt":"2023-05-08T14:56:24","guid":{"rendered":"https:\/\/sp50bier.com.br\/loja\/produto\/jacutipa-black-ipa\/"},"modified":"2026-03-02T15:35:23","modified_gmt":"2026-03-02T18:35:23","slug":"jacutipa-black-ipa","status":"publish","type":"product","link":"https:\/\/sp50bier.com.br\/loja\/produto\/jacutipa-black-ipa\/","title":{"rendered":"JACUTIPA &#8211; BLACK IPA"},"content":{"rendered":"<p>Amargor &#8211; 65 IBU (<em>Alto Amargor)<\/em><br \/>\nCor &#8211; Escura (102 EBC)<br \/>\nTeor Alco\u00f3lico &#8211; 7,2% ABV<\/p>\n<p><em>Cerveja escura, persistente, com leve aroma de caf\u00e9 oriundo do malte torrado e m\u00e9dia amargor, por\u00e9m alta drinkability. <\/em><\/p>\n<p><em>Seu nome remente \u00e0 JACUTINGA, ave rara quase em extin\u00e7\u00e3o e presente na Serra da Mantiqueira onde uma ONG realiza um fant\u00e1stico trabalho de preserva\u00e7\u00e3o e reintrodu\u00e7\u00e3o dessa esp\u00e9cie. Parte das receitas dessa cerveja \u00e9 doada para os Projetos de Preserva\u00e7\u00e3o da Jacutinga.<\/em><\/p>\n","protected":false},"excerpt":{"rendered":"<p>Lata 475ML BLACK IPA<\/p>\n","protected":false},"featured_media":6843,"comment_status":"open","ping_status":"closed","template":"","meta":{"inline_featured_image":false},"product_cat":[144],"product_tag":[],"_links":{"self":[{"href":"https:\/\/sp50bier.com.br\/loja\/wp-json\/wp\/v2\/product\/6832"}],"collection":[{"href":"https:\/\/sp50bier.com.br\/loja\/wp-json\/wp\/v2\/product"}],"about":[{"href":"https:\/\/sp50bier.com.br\/loja\/wp-json\/wp\/v2\/types\/product"}],"replies":[{"embeddable":true,"href":"https:\/\/sp50bier.com.br\/loja\/wp-json\/wp\/v2\/comments?post=6832"}],"version-history":[{"count":3,"href":"https:\/\/sp50bier.com.br\/loja\/wp-json\/wp\/v2\/product\/6832\/revisions"}],"predecessor-version":[{"id":7067,"href":"https:\/\/sp50bier.com.br\/loja\/wp-json\/wp\/v2\/product\/6832\/revisions\/7067"}],"wp:featuredmedia":[{"embeddable":true,"href":"https:\/\/sp50bier.com.br\/loja\/wp-json\/wp\/v2\/media\/6843"}],"wp:attachment":[{"href":"https:\/\/sp50bier.com.br\/loja\/wp-json\/wp\/v2\/media?parent=6832"}],"wp:term":[{"taxonomy":"product_cat","embeddable":true,"href":"https:\/\/sp50bier.com.br\/loja\/wp-json\/wp\/v2\/product_cat?post=6832"},{"taxonomy":"product_tag","embeddable":true,"href":"https:\/\/sp50bier.com.br\/loja\/wp-json\/wp\/v2\/product_tag?post=6832"}],"curies":[{"name":"wp","href":"https:\/\/api.w.org\/{rel}","templated":true}]}}