{"id":6829,"date":"2023-05-08T11:56:24","date_gmt":"2023-05-08T14:56:24","guid":{"rendered":"https:\/\/sp50bier.com.br\/loja\/produto\/carcara-hop-lager\/"},"modified":"2026-02-25T10:48:32","modified_gmt":"2026-02-25T13:48:32","slug":"carcara-hop-lager","status":"publish","type":"product","link":"https:\/\/sp50bier.com.br\/loja\/produto\/carcara-hop-lager\/","title":{"rendered":"CARCAR\u00c1 &#8211; HOP LAGER"},"content":{"rendered":"<p>Amargor &#8211; 19 IBU (<em>Baixo amargor<\/em>)<br \/>\nCor &#8211; Clara (18 EBC)<br \/>\nTeor Alco\u00f3lico &#8211; 4,9% ABV<\/p>\n<p><em>Cerveja da fam\u00edlia LAGER, de baixa fermenta\u00e7\u00e3o, com alta carga de l\u00fapulos (HOP) adicionados durante a matura\u00e7\u00e3o (Dry-Hopping) para aumento da aromatiza\u00e7\u00e3o da Cerveja. Aroma c\u00edtrico que remete a maracuj\u00e1, manga e laranjas adocicadas. <\/em><\/p>\n<p><em>Ave presente na Serra da Mantiqueira, que j\u00e1 foi inspira\u00e7\u00e3o para m\u00fasicas que cantavam a liberdade, para apelidar l\u00edder de cangaceiros e cujo nome batiza diversas opera\u00e7\u00f5es e aeronaves brasileiras, CARCAR\u00c1 representa a liberdade de um novo estilo que brilha no paladar com o c\u00edtrico aroma dos l\u00fapulos do dry-hopping e que refresca os dias intensos com a leveza de uma lager de baixo teor alco\u00f3lico<\/em><\/p>\n","protected":false},"excerpt":{"rendered":"<p>Lata 475ML HOP LAGER<\/p>\n","protected":false},"featured_media":6844,"comment_status":"open","ping_status":"closed","template":"","meta":{"inline_featured_image":false},"product_cat":[144],"product_tag":[],"_links":{"self":[{"href":"https:\/\/sp50bier.com.br\/loja\/wp-json\/wp\/v2\/product\/6829"}],"collection":[{"href":"https:\/\/sp50bier.com.br\/loja\/wp-json\/wp\/v2\/product"}],"about":[{"href":"https:\/\/sp50bier.com.br\/loja\/wp-json\/wp\/v2\/types\/product"}],"replies":[{"embeddable":true,"href":"https:\/\/sp50bier.com.br\/loja\/wp-json\/wp\/v2\/comments?post=6829"}],"version-history":[{"count":3,"href":"https:\/\/sp50bier.com.br\/loja\/wp-json\/wp\/v2\/product\/6829\/revisions"}],"predecessor-version":[{"id":7057,"href":"https:\/\/sp50bier.com.br\/loja\/wp-json\/wp\/v2\/product\/6829\/revisions\/7057"}],"wp:featuredmedia":[{"embeddable":true,"href":"https:\/\/sp50bier.com.br\/loja\/wp-json\/wp\/v2\/media\/6844"}],"wp:attachment":[{"href":"https:\/\/sp50bier.com.br\/loja\/wp-json\/wp\/v2\/media?parent=6829"}],"wp:term":[{"taxonomy":"product_cat","embeddable":true,"href":"https:\/\/sp50bier.com.br\/loja\/wp-json\/wp\/v2\/product_cat?post=6829"},{"taxonomy":"product_tag","embeddable":true,"href":"https:\/\/sp50bier.com.br\/loja\/wp-json\/wp\/v2\/product_tag?post=6829"}],"curies":[{"name":"wp","href":"https:\/\/api.w.org\/{rel}","templated":true}]}}