{"id":3,"date":"2022-06-17T19:29:18","date_gmt":"2022-06-17T22:29:18","guid":{"rendered":"https:\/\/revolucaobebidas.com.br\/?page_id=3"},"modified":"2022-08-05T13:54:27","modified_gmt":"2022-08-05T16:54:27","slug":"politica-de-privacidade","status":"publish","type":"page","link":"https:\/\/sp50bier.com.br\/loja\/politica-de-privacidade\/","title":{"rendered":"Pol\u00edtica de privacidade"},"content":{"rendered":"\r\n\r\n\r\n<h2 class=\"mb-5\">Sobre a Pol\u00edtica de Privacidade e Termos de Uso<\/h2>\r\n<h3 class=\"mb-4\">O que \u00e9 uma Pol\u00edtica de Privacidade?<\/h3>\r\n\r\n\r\n\r\n<div class=\"col-md-6\">\r\n<p>Uma pol\u00edtica de privacidade \u00e9 um documento que explica como um website lida com toda a informa\u00e7\u00e3o coletada dos seus utilizadores e\/ou clientes. \u00c9 uma boa pr\u00e1tica dizer aos utilizadores como os sites armazenam e fazem uso desses dados.<\/p>\r\n<h3 class=\"mb-4 mt-4\">A Import\u00e2ncia da Pol\u00edtica de Privacidade<\/h3>\r\n<p>As pol\u00edticas de privacidade podem ser exigidas por lei, dependendo de onde voc\u00ea opera. Em qualquer caso, \u00e9 uma boa pr\u00e1tica ter uma pol\u00edtica de privacidade de prote\u00e7\u00e3o de dados, especialmente se voc\u00ea colectar qualquer tipo de dados privados de seus usu\u00e1rios (por exemplo, dados de cookies, detalhes de pagamento, endere\u00e7o e n\u00famero de telefone). Al\u00e9m disso, voc\u00ea pode precisar de uma pol\u00edtica de privacidade para usar\u00a0<a href=\"https:\/\/www.google.com\/intl\/pt-PT_pt\/adsense\/start\/#\/?modal_active=none\" target=\"_BLANK\" rel=\"noopener\">Google AdSense<\/a>, APIs e servi\u00e7os de terceiros como o Instagram ou listar seu aplicativo em um mercado comercial como o Google Play. Se o seu site envolver usu\u00e1rios no Espa\u00e7o Econ\u00f3mico Europeu, voc\u00ea poder\u00e1 ser obrigado a publicar uma pol\u00edtica de privacidade em conformidade com o\u00a0<a href=\"https:\/\/ec.europa.eu\/info\/law\/law-topic\/data-protection_pt\" target=\"_BLANK\" rel=\"noopener\">GDPR<\/a>.<\/p>\r\n<h3 class=\"mb-4 mt-4\">O que s\u00e3o Termos de Uso (Termos e Condi\u00e7\u00f5es)?<\/h3>\r\n<p>Tecnicamente, voc\u00ea n\u00e3o precisa de uma declara\u00e7\u00e3o de termos de servi\u00e7o. N\u00e3o \u00e9 exigido por lei, mas geralmente \u00e9 aconselh\u00e1vel incluir esses termos no seu site para cobrir as expectativas e acordos entre voc\u00ea e seus usu\u00e1rios.<\/p>\r\n<p>Algumas empresas podem at\u00e9 solicitar que voc\u00ea disponibilize uma antes que possa entrar em um relacionamento com elas. Na maioria das vezes, os propriet\u00e1rios e usu\u00e1rios do site se comportam de maneira justa e razo\u00e1vel, tornando suas informa\u00e7\u00f5es de termos e condi\u00e7\u00f5es redundantes. No entanto, em circunst\u00e2ncias incomuns, como aquelas que envolvem abuso, roubo de propriedade intelectual ou comportamento ilegal, a indica\u00e7\u00e3o expl\u00edcita dos termos e condi\u00e7\u00f5es pode oferecer prote\u00e7\u00f5es b\u00e1sicas para voc\u00ea e sua empresa, limitando sua responsabilidade e esclarecendo seus direitos sobre o conte\u00fado publicado.<\/p>\r\n<\/div>\r\n<div class=\"col-md-6\">\u00a0<\/div>\r\n","protected":false},"excerpt":{"rendered":"<p>Sobre a Pol\u00edtica de Privacidade e Termos de Uso O que \u00e9 uma Pol\u00edtica de Privacidade? Uma pol\u00edtica de privacidade \u00e9 um documento que explica como um website lida com toda a informa\u00e7\u00e3o coletada dos seus utilizadores e\/ou clientes. \u00c9 uma boa pr\u00e1tica dizer aos utilizadores como os sites armazenam e fazem uso desses dados. [&hellip;]<\/p>\n","protected":false},"author":1,"featured_media":0,"parent":0,"menu_order":0,"comment_status":"closed","ping_status":"open","template":"","meta":{"inline_featured_image":false},"_links":{"self":[{"href":"https:\/\/sp50bier.com.br\/loja\/wp-json\/wp\/v2\/pages\/3"}],"collection":[{"href":"https:\/\/sp50bier.com.br\/loja\/wp-json\/wp\/v2\/pages"}],"about":[{"href":"https:\/\/sp50bier.com.br\/loja\/wp-json\/wp\/v2\/types\/page"}],"author":[{"embeddable":true,"href":"https:\/\/sp50bier.com.br\/loja\/wp-json\/wp\/v2\/users\/1"}],"replies":[{"embeddable":true,"href":"https:\/\/sp50bier.com.br\/loja\/wp-json\/wp\/v2\/comments?post=3"}],"version-history":[{"count":2,"href":"https:\/\/sp50bier.com.br\/loja\/wp-json\/wp\/v2\/pages\/3\/revisions"}],"predecessor-version":[{"id":6651,"href":"https:\/\/sp50bier.com.br\/loja\/wp-json\/wp\/v2\/pages\/3\/revisions\/6651"}],"wp:attachment":[{"href":"https:\/\/sp50bier.com.br\/loja\/wp-json\/wp\/v2\/media?parent=3"}],"curies":[{"name":"wp","href":"https:\/\/api.w.org\/{rel}","templated":true}]}}